{"id":22,"date":"2019-11-25T22:20:12","date_gmt":"2019-11-25T21:20:12","guid":{"rendered":"http:\/\/minuit9.fr\/?page_id=22"},"modified":"2023-08-08T16:05:43","modified_gmt":"2023-08-08T14:05:43","slug":"a","status":"publish","type":"page","link":"https:\/\/minuit9.fr\/","title":{"rendered":"Qui sommes-nous ?"},"content":{"rendered":"\n<div class=\"wp-block-group\"><div class=\"wp-block-group__inner-container is-layout-flow wp-block-group-is-layout-flow\">\n<div class=\"wp-block-group\"><div class=\"wp-block-group__inner-container is-layout-flow wp-block-group-is-layout-flow\">\n<div class=\"wp-block-group\"><div class=\"wp-block-group__inner-container is-layout-flow wp-block-group-is-layout-flow\">\n<div class=\"wp-block-group\"><div class=\"wp-block-group__inner-container is-layout-flow wp-block-group-is-layout-flow\">\n<ul class=\"wp-block-social-links has-normal-icon-size has-icon-color has-icon-background-color is-style-default is-layout-flex wp-block-social-links-is-layout-flex\"><li style=\"color:#000000;background-color:#ffffff;\" class=\"wp-social-link wp-social-link-facebook has-black-color has-white-background-color wp-block-social-link\"><a rel=\"noopener nofollow\" target=\"_blank\" href=\"https:\/\/www.facebook.com\/CollectifMinuit9.Fr\" class=\"wp-block-social-link-anchor\"><svg width=\"24\" height=\"24\" viewBox=\"0 0 24 24\" version=\"1.1\" xmlns=\"http:\/\/www.w3.org\/2000\/svg\" aria-hidden=\"true\" focusable=\"false\"><path d=\"M12 2C6.5 2 2 6.5 2 12c0 5 3.7 9.1 8.4 9.9v-7H7.9V12h2.5V9.8c0-2.5 1.5-3.9 3.8-3.9 1.1 0 2.2.2 2.2.2v2.5h-1.3c-1.2 0-1.6.8-1.6 1.6V12h2.8l-.4 2.9h-2.3v7C18.3 21.1 22 17 22 12c0-5.5-4.5-10-10-10z\"><\/path><\/svg><span class=\"wp-block-social-link-label screen-reader-text\">Facebook<\/span><\/a><\/li>\n\n<li style=\"color:#000000;background-color:#ffffff;\" class=\"wp-social-link wp-social-link-instagram has-black-color has-white-background-color wp-block-social-link\"><a rel=\"noopener nofollow\" target=\"_blank\" href=\"https:\/\/instagram.com\/collectif_minuit9.fr\/\" class=\"wp-block-social-link-anchor\"><svg width=\"24\" height=\"24\" viewBox=\"0 0 24 24\" version=\"1.1\" xmlns=\"http:\/\/www.w3.org\/2000\/svg\" aria-hidden=\"true\" focusable=\"false\"><path d=\"M12,4.622c2.403,0,2.688,0.009,3.637,0.052c0.877,0.04,1.354,0.187,1.671,0.31c0.42,0.163,0.72,0.358,1.035,0.673 c0.315,0.315,0.51,0.615,0.673,1.035c0.123,0.317,0.27,0.794,0.31,1.671c0.043,0.949,0.052,1.234,0.052,3.637 s-0.009,2.688-0.052,3.637c-0.04,0.877-0.187,1.354-0.31,1.671c-0.163,0.42-0.358,0.72-0.673,1.035 c-0.315,0.315-0.615,0.51-1.035,0.673c-0.317,0.123-0.794,0.27-1.671,0.31c-0.949,0.043-1.233,0.052-3.637,0.052 s-2.688-0.009-3.637-0.052c-0.877-0.04-1.354-0.187-1.671-0.31c-0.42-0.163-0.72-0.358-1.035-0.673 c-0.315-0.315-0.51-0.615-0.673-1.035c-0.123-0.317-0.27-0.794-0.31-1.671C4.631,14.688,4.622,14.403,4.622,12 s0.009-2.688,0.052-3.637c0.04-0.877,0.187-1.354,0.31-1.671c0.163-0.42,0.358-0.72,0.673-1.035 c0.315-0.315,0.615-0.51,1.035-0.673c0.317-0.123,0.794-0.27,1.671-0.31C9.312,4.631,9.597,4.622,12,4.622 M12,3 C9.556,3,9.249,3.01,8.289,3.054C7.331,3.098,6.677,3.25,6.105,3.472C5.513,3.702,5.011,4.01,4.511,4.511 c-0.5,0.5-0.808,1.002-1.038,1.594C3.25,6.677,3.098,7.331,3.054,8.289C3.01,9.249,3,9.556,3,12c0,2.444,0.01,2.751,0.054,3.711 c0.044,0.958,0.196,1.612,0.418,2.185c0.23,0.592,0.538,1.094,1.038,1.594c0.5,0.5,1.002,0.808,1.594,1.038 c0.572,0.222,1.227,0.375,2.185,0.418C9.249,20.99,9.556,21,12,21s2.751-0.01,3.711-0.054c0.958-0.044,1.612-0.196,2.185-0.418 c0.592-0.23,1.094-0.538,1.594-1.038c0.5-0.5,0.808-1.002,1.038-1.594c0.222-0.572,0.375-1.227,0.418-2.185 C20.99,14.751,21,14.444,21,12s-0.01-2.751-0.054-3.711c-0.044-0.958-0.196-1.612-0.418-2.185c-0.23-0.592-0.538-1.094-1.038-1.594 c-0.5-0.5-1.002-0.808-1.594-1.038c-0.572-0.222-1.227-0.375-2.185-0.418C14.751,3.01,14.444,3,12,3L12,3z M12,7.378 c-2.552,0-4.622,2.069-4.622,4.622S9.448,16.622,12,16.622s4.622-2.069,4.622-4.622S14.552,7.378,12,7.378z M12,15 c-1.657,0-3-1.343-3-3s1.343-3,3-3s3,1.343,3,3S13.657,15,12,15z M16.804,6.116c-0.596,0-1.08,0.484-1.08,1.08 s0.484,1.08,1.08,1.08c0.596,0,1.08-0.484,1.08-1.08S17.401,6.116,16.804,6.116z\"><\/path><\/svg><span class=\"wp-block-social-link-label screen-reader-text\">Instagram<\/span><\/a><\/li><\/ul>\n\n\n\n<h2 class=\"wp-block-heading\" id=\"qui-sommes-nous\">Qui sommes-nous ?<\/h2>\n<\/div><\/div>\n\n\n\n<div class=\"wp-block-group\"><div class=\"wp-block-group__inner-container is-layout-flow wp-block-group-is-layout-flow\">\n<div class=\"wp-block-columns is-layout-flex wp-container-core-columns-is-layout-9d6595d7 wp-block-columns-is-layout-flex\">\n<div class=\"wp-block-column is-vertically-aligned-center is-layout-flow wp-block-column-is-layout-flow\" style=\"flex-basis:66.66%\">\n<p class=\"has-text-align-center has-background\" style=\"background-color:#fcfcfc;font-size:12px\"><strong>Minuit<\/strong> est l\u2019instant o\u00f9 le soleil est \u00e0 mi-chemin entre le cr\u00e9puscule et l\u2019aube,<br>c\u2019est la p\u00e9riode de transition d\u2019un jour \u00e0 l\u2019autre\u2026<br><br>Apr\u00e8s <strong>minuit<\/strong> tout est neuf !<br><br><strong>Minuit 9<\/strong> est un collectif de photographes avec des regards compl\u00e9mentaires,<br>des univers diff\u00e9rents, des \u00e9motions particuli\u00e8res, des esth\u00e9tiques sp\u00e9cifiques<br>avec une volont\u00e9 commune de partager le plus largement possible nos mondes<br>dans vos yeux.<br><strong>Minuit 9<\/strong> est une structure associative artistique qui fertilise les cr\u00e9ations<br>individuelles et d\u00e9veloppe les projets collectifs.<br><strong>Minuit 9<\/strong> est compos\u00e9 de : Dinesh KHOOSY, J\u00e9r\u00f4me CHERRIER,<br>Christian DUBUS, Xavier BERNARD, Bertrand BAYER, Pascal BOUGIER,<br>\u00c9ric DROUSSENT, Baptiste LOPEZ.<\/p>\n<\/div>\n\n\n\n<div class=\"wp-block-column is-vertically-aligned-center has-background is-layout-flow wp-block-column-is-layout-flow\" style=\"background-color:#fcfcfc;flex-basis:35%\">\n<p class=\"has-text-align-center\" style=\"font-size:12px\"><mark style=\"background-color:rgba(0, 0, 0, 0)\" class=\"has-inline-color has-vivid-red-color\">Cliquez sur chaque photographe pour visiter sa galerie<\/mark><\/p>\n\n\n<style type=\"text\/css\">\n#foogallery-gallery-376.fg-masonry { --fg-gutter: 10px; }<\/style>\n\t\t\t<div class=\"foogallery foogallery-container foogallery-masonry foogallery-lightbox-foobox fg-center fg-masonry fg-ready fg-light fg-loading-default fg-loaded-fade-in fg-caption-hover fg-hover-fade fg-hover-zoom3 fg-col3\" id=\"foogallery-gallery-376\" data-foogallery=\"{&quot;item&quot;:{&quot;showCaptionTitle&quot;:false,&quot;showCaptionDescription&quot;:true},&quot;lazy&quot;:true,&quot;template&quot;:{&quot;horizontalOrder&quot;:true}}\" style=\"--fg-title-line-clamp: 0; --fg-description-line-clamp: 0;\" >\n\t\t<div class=\"fg-column-width\"><\/div>\n\t<div class=\"fg-gutter-width\"><\/div>\n\t\t<div class=\"fg-item fg-type-iframe fg-idle\"><figure class=\"fg-item-inner\"><a href=\"http:\/\/minuit9.fr\/?page_id=176\" target=\"_self\" data-caption-title=\"Dinesh Khoosy \/ Photographe Minuit9.fr\" data-caption-desc=\"Dinesh Khoosy\" data-attachment-id=\"186\" data-type=\"iframe\" class=\"fg-thumb\"><span class=\"fg-image-wrap\"><img fetchpriority=\"high\" decoding=\"async\" title=\"Dinesh Khoosy \/ Photographe Minuit9.fr\" width=\"250\" height=\"250\" class=\"skip-lazy fg-image\" data-src-fg=\"https:\/\/minuit9.fr\/wp-content\/uploads\/2020\/04\/Dinesh_Khoosy.png\" src=\"data:image\/svg+xml,%3Csvg%20xmlns%3D%22http%3A%2F%2Fwww.w3.org%2F2000%2Fsvg%22%20width%3D%22250%22%20height%3D%22250%22%20viewBox%3D%220%200%20250%20250%22%3E%3C%2Fsvg%3E\" loading=\"eager\"><\/span><span class=\"fg-image-overlay\"><\/span><\/a><figcaption class=\"fg-caption\"><div class=\"fg-caption-inner\"><div class=\"fg-caption-desc\">Dinesh Khoosy<\/div><\/div><\/figcaption><\/figure><div class=\"fg-loader\"><\/div><\/div><div class=\"fg-item fg-type-iframe fg-idle\"><figure class=\"fg-item-inner\"><a href=\"http:\/\/minuit9.fr\/?page_id=420\" target=\"_self\" data-caption-title=\"Jerome Cherrier \/ Photographe Minuit9.fr\" data-caption-desc=\"Jerome Cherrier\" data-attachment-id=\"190\" data-type=\"iframe\" class=\"fg-thumb\"><span class=\"fg-image-wrap\"><img decoding=\"async\" title=\"Jerome Cherrier \/ Photographe Minuit9.fr\" width=\"250\" height=\"253\" class=\"skip-lazy fg-image\" data-src-fg=\"https:\/\/minuit9.fr\/wp-content\/uploads\/2020\/04\/Jerome_Cherrier.png\" src=\"data:image\/svg+xml,%3Csvg%20xmlns%3D%22http%3A%2F%2Fwww.w3.org%2F2000%2Fsvg%22%20width%3D%22250%22%20height%3D%22253%22%20viewBox%3D%220%200%20250%20253%22%3E%3C%2Fsvg%3E\" loading=\"eager\"><\/span><span class=\"fg-image-overlay\"><\/span><\/a><figcaption class=\"fg-caption\"><div class=\"fg-caption-inner\"><div class=\"fg-caption-desc\">Jerome Cherrier<\/div><\/div><\/figcaption><\/figure><div class=\"fg-loader\"><\/div><\/div><div class=\"fg-item fg-type-iframe fg-idle\"><figure class=\"fg-item-inner\"><a href=\"http:\/\/minuit9.fr\/?page_id=415\" target=\"_self\" data-caption-title=\"Christian Dubus \/ Photographe Minuit9.fr\" data-caption-desc=\"Christian Dubus\" data-attachment-id=\"188\" data-type=\"iframe\" class=\"fg-thumb\"><span class=\"fg-image-wrap\"><img decoding=\"async\" title=\"Christian Dubus \/ Photographe Minuit9.fr\" width=\"250\" height=\"250\" class=\"skip-lazy fg-image\" data-src-fg=\"https:\/\/minuit9.fr\/wp-content\/uploads\/2020\/04\/Christian_Dubus.png\" src=\"data:image\/svg+xml,%3Csvg%20xmlns%3D%22http%3A%2F%2Fwww.w3.org%2F2000%2Fsvg%22%20width%3D%22250%22%20height%3D%22250%22%20viewBox%3D%220%200%20250%20250%22%3E%3C%2Fsvg%3E\" loading=\"eager\"><\/span><span class=\"fg-image-overlay\"><\/span><\/a><figcaption class=\"fg-caption\"><div class=\"fg-caption-inner\"><div class=\"fg-caption-desc\">Christian Dubus<\/div><\/div><\/figcaption><\/figure><div class=\"fg-loader\"><\/div><\/div><div class=\"fg-item fg-type-iframe fg-idle\"><figure class=\"fg-item-inner\"><a href=\"https:\/\/minuit9.fr\/?page_id=1233\" data-caption-title=\"Bertrand Bayer \/ Photographe Minuit9.fr\" data-caption-desc=\"Bertrand Bayer\" data-attachment-id=\"1234\" data-type=\"iframe\" class=\"fg-thumb\"><span class=\"fg-image-wrap\"><img decoding=\"async\" title=\"Bertrand Bayer \/ Photographe Minuit9.fr\" width=\"250\" height=\"250\" class=\"skip-lazy fg-image\" data-src-fg=\"https:\/\/minuit9.fr\/wp-content\/uploads\/2022\/10\/Bertrand_Bayer.png\" src=\"data:image\/svg+xml,%3Csvg%20xmlns%3D%22http%3A%2F%2Fwww.w3.org%2F2000%2Fsvg%22%20width%3D%22250%22%20height%3D%22250%22%20viewBox%3D%220%200%20250%20250%22%3E%3C%2Fsvg%3E\" loading=\"eager\"><\/span><span class=\"fg-image-overlay\"><\/span><\/a><figcaption class=\"fg-caption\"><div class=\"fg-caption-inner\"><div class=\"fg-caption-desc\">Bertrand Bayer<\/div><\/div><\/figcaption><\/figure><div class=\"fg-loader\"><\/div><\/div><div class=\"fg-item fg-type-image fg-idle\"><figure class=\"fg-item-inner\"><a href=\"https:\/\/minuit9.fr\/wp-content\/uploads\/2020\/04\/Minuit9.png\" data-caption-desc=\"Minuit9\" data-attachment-id=\"1189\" data-type=\"image\" class=\"fg-thumb\"><span class=\"fg-image-wrap\"><img decoding=\"async\" width=\"250\" height=\"250\" class=\"skip-lazy fg-image\" data-src-fg=\"https:\/\/minuit9.fr\/wp-content\/uploads\/2020\/04\/Minuit9.png\" src=\"data:image\/svg+xml,%3Csvg%20xmlns%3D%22http%3A%2F%2Fwww.w3.org%2F2000%2Fsvg%22%20width%3D%22250%22%20height%3D%22250%22%20viewBox%3D%220%200%20250%20250%22%3E%3C%2Fsvg%3E\" loading=\"eager\"><\/span><span class=\"fg-image-overlay\"><\/span><\/a><figcaption class=\"fg-caption\"><div class=\"fg-caption-inner\"><div class=\"fg-caption-desc\">Minuit9<\/div><\/div><\/figcaption><\/figure><div class=\"fg-loader\"><\/div><\/div><div class=\"fg-item fg-type-iframe fg-idle\"><figure class=\"fg-item-inner\"><a href=\"http:\/\/minuit9.fr\/?page_id=425\" target=\"_self\" data-caption-title=\"Xavier Bernard \/ Photographe Minuit9.fr\" data-caption-desc=\"Xavier Bernard\" data-attachment-id=\"947\" data-type=\"iframe\" class=\"fg-thumb\"><span class=\"fg-image-wrap\"><img decoding=\"async\" title=\"Xavier Bernard \/ Photographe Minuit9.fr\" width=\"250\" height=\"250\" class=\"skip-lazy fg-image\" data-src-fg=\"https:\/\/minuit9.fr\/wp-content\/uploads\/2020\/04\/Xavier_Bernard-1.png\" src=\"data:image\/svg+xml,%3Csvg%20xmlns%3D%22http%3A%2F%2Fwww.w3.org%2F2000%2Fsvg%22%20width%3D%22250%22%20height%3D%22250%22%20viewBox%3D%220%200%20250%20250%22%3E%3C%2Fsvg%3E\" loading=\"eager\"><\/span><span class=\"fg-image-overlay\"><\/span><\/a><figcaption class=\"fg-caption\"><div class=\"fg-caption-inner\"><div class=\"fg-caption-desc\">Xavier Bernard<\/div><\/div><\/figcaption><\/figure><div class=\"fg-loader\"><\/div><\/div><div class=\"fg-item fg-type-iframe fg-idle\"><figure class=\"fg-item-inner\"><a href=\"http:\/\/minuit9.fr\/?page_id=431\" target=\"_self\" data-caption-title=\"Pascal Bougier \/ Photographe Minuit9.fr\" data-caption-desc=\"Pascal Bougier\" data-attachment-id=\"191\" data-type=\"iframe\" class=\"fg-thumb\"><span class=\"fg-image-wrap\"><img decoding=\"async\" title=\"Pascal Bougier \/ Photographe Minuit9.fr\" width=\"250\" height=\"250\" class=\"skip-lazy fg-image\" data-src-fg=\"https:\/\/minuit9.fr\/wp-content\/uploads\/2020\/04\/Pascal_Bougier.png\" src=\"data:image\/svg+xml,%3Csvg%20xmlns%3D%22http%3A%2F%2Fwww.w3.org%2F2000%2Fsvg%22%20width%3D%22250%22%20height%3D%22250%22%20viewBox%3D%220%200%20250%20250%22%3E%3C%2Fsvg%3E\" loading=\"eager\"><\/span><span class=\"fg-image-overlay\"><\/span><\/a><figcaption class=\"fg-caption\"><div class=\"fg-caption-inner\"><div class=\"fg-caption-desc\">Pascal Bougier<\/div><\/div><\/figcaption><\/figure><div class=\"fg-loader\"><\/div><\/div><div class=\"fg-item fg-type-iframe fg-idle\"><figure class=\"fg-item-inner\"><a href=\"http:\/\/minuit9.fr\/?page_id=434\" target=\"_self\" data-caption-title=\"Eric Droussent \/ Photographe Minuit9.fr\" data-caption-desc=\"Eric Droussent\" data-attachment-id=\"189\" data-type=\"iframe\" class=\"fg-thumb\"><span class=\"fg-image-wrap\"><img decoding=\"async\" title=\"Eric Droussent \/ Photographe Minuit9.fr\" width=\"250\" height=\"250\" class=\"skip-lazy fg-image\" data-src-fg=\"https:\/\/minuit9.fr\/wp-content\/uploads\/2020\/04\/Eric_Droussent.png\" src=\"data:image\/svg+xml,%3Csvg%20xmlns%3D%22http%3A%2F%2Fwww.w3.org%2F2000%2Fsvg%22%20width%3D%22250%22%20height%3D%22250%22%20viewBox%3D%220%200%20250%20250%22%3E%3C%2Fsvg%3E\" loading=\"eager\"><\/span><span class=\"fg-image-overlay\"><\/span><\/a><figcaption class=\"fg-caption\"><div class=\"fg-caption-inner\"><div class=\"fg-caption-desc\">Eric Droussent<\/div><\/div><\/figcaption><\/figure><div class=\"fg-loader\"><\/div><\/div><div class=\"fg-item fg-type-iframe fg-idle\"><figure class=\"fg-item-inner\"><a href=\"http:\/\/minuit9.fr\/?page_id=436\" target=\"_self\" data-caption-title=\"Baptiste Lopez \/ Photographe Minuit9.fr\" data-caption-desc=\"Baptiste Lopez\" data-attachment-id=\"187\" data-type=\"iframe\" class=\"fg-thumb\"><span class=\"fg-image-wrap\"><img decoding=\"async\" title=\"Baptiste Lopez \/ Photographe Minuit9.fr\" width=\"250\" height=\"250\" class=\"skip-lazy fg-image\" data-src-fg=\"https:\/\/minuit9.fr\/wp-content\/uploads\/2020\/04\/Baptiste_Lopez.png\" src=\"data:image\/svg+xml,%3Csvg%20xmlns%3D%22http%3A%2F%2Fwww.w3.org%2F2000%2Fsvg%22%20width%3D%22250%22%20height%3D%22250%22%20viewBox%3D%220%200%20250%20250%22%3E%3C%2Fsvg%3E\" loading=\"eager\"><\/span><span class=\"fg-image-overlay\"><\/span><\/a><figcaption class=\"fg-caption\"><div class=\"fg-caption-inner\"><div class=\"fg-caption-desc\">Baptiste Lopez<\/div><\/div><\/figcaption><\/figure><div class=\"fg-loader\"><\/div><\/div><\/div>\n\n\n\n<p class=\"has-text-align-center\" style=\"font-size:12px\"> Cliquez sur chaque photographe pour visiter sa galerie <\/p>\n<\/div>\n<\/div>\n<\/div><\/div>\n<\/div><\/div>\n<\/div><\/div>\n<\/div><\/div>\n\n\n\n<p><\/p>\n","protected":false},"excerpt":{"rendered":"<p>Qui sommes-nous ? Minuit est l\u2019instant o\u00f9 le soleil est \u00e0 mi-chemin entre le cr\u00e9puscule et l\u2019aube,c\u2019est la p\u00e9riode de transition d\u2019un jour \u00e0 l\u2019autre\u2026 Apr\u00e8s minuit tout est neuf ! Minuit 9 est un collectif de photographes avec des regards compl\u00e9mentaires,des univers diff\u00e9rents, des \u00e9motions particuli\u00e8res, des esth\u00e9tiques sp\u00e9cifiquesavec une volont\u00e9 commune de partager<\/p>\n","protected":false},"author":1,"featured_media":0,"parent":0,"menu_order":0,"comment_status":"closed","ping_status":"closed","template":"","meta":{"footnotes":""},"class_list":["post-22","page","type-page","status-publish","hentry"],"_links":{"self":[{"href":"https:\/\/minuit9.fr\/index.php?rest_route=\/wp\/v2\/pages\/22","targetHints":{"allow":["GET"]}}],"collection":[{"href":"https:\/\/minuit9.fr\/index.php?rest_route=\/wp\/v2\/pages"}],"about":[{"href":"https:\/\/minuit9.fr\/index.php?rest_route=\/wp\/v2\/types\/page"}],"author":[{"embeddable":true,"href":"https:\/\/minuit9.fr\/index.php?rest_route=\/wp\/v2\/users\/1"}],"replies":[{"embeddable":true,"href":"https:\/\/minuit9.fr\/index.php?rest_route=%2Fwp%2Fv2%2Fcomments&post=22"}],"version-history":[{"count":107,"href":"https:\/\/minuit9.fr\/index.php?rest_route=\/wp\/v2\/pages\/22\/revisions"}],"predecessor-version":[{"id":1274,"href":"https:\/\/minuit9.fr\/index.php?rest_route=\/wp\/v2\/pages\/22\/revisions\/1274"}],"wp:attachment":[{"href":"https:\/\/minuit9.fr\/index.php?rest_route=%2Fwp%2Fv2%2Fmedia&parent=22"}],"curies":[{"name":"wp","href":"https:\/\/api.w.org\/{rel}","templated":true}]}}